{"id":1385,"date":"2024-01-06T14:15:06","date_gmt":"2024-01-06T13:15:06","guid":{"rendered":"https:\/\/hirschenhof.larentis.dev\/activities\/"},"modified":"2024-01-28T16:39:47","modified_gmt":"2024-01-28T15:39:47","slug":"activities","status":"publish","type":"page","link":"https:\/\/hirschenhof.larentis.dev\/en\/activities\/","title":{"rendered":"Activities"},"content":{"rendered":"\n<div class=\"wp-block-group alignfull has-background-secondary-background-color has-background is-layout-constrained wp-container-core-group-is-layout-1 wp-block-group-is-layout-constrained\" style=\"margin-top:0;margin-bottom:0\">\n<div class=\"wp-block-columns has-background-background-color has-background is-layout-flex wp-container-core-columns-is-layout-1 wp-block-columns-is-layout-flex\" style=\"padding-top:var(--wp--preset--spacing--40);padding-right:var(--wp--preset--spacing--40);padding-bottom:var(--wp--preset--spacing--40);padding-left:var(--wp--preset--spacing--40)\">\n<div class=\"wp-block-column is-layout-flow wp-block-column-is-layout-flow\" style=\"flex-basis:300px\">\n<figure class=\"wp-block-image alignleft size-full\"><img loading=\"lazy\" decoding=\"async\" width=\"526\" height=\"275\" src=\"https:\/\/hirschenhof.larentis.dev\/wp-content\/uploads\/2024\/01\/bozen-card.jpg\" alt=\"\" class=\"wp-image-415\" style=\"aspect-ratio:2\/3;object-fit:cover\" srcset=\"https:\/\/hirschenhof.larentis.dev\/wp-content\/uploads\/2024\/01\/bozen-card.jpg 526w, https:\/\/hirschenhof.larentis.dev\/wp-content\/uploads\/2024\/01\/bozen-card-300x157.jpg 300w\" sizes=\"(max-width: 526px) 100vw, 526px\" \/><\/figure>\n<\/div>\n\n\n\n<div class=\"wp-block-column is-vertically-aligned-center is-layout-flow wp-block-column-is-layout-flow\" style=\"flex-basis:66.66%\">\n<h1 class=\"wp-block-heading\">Bolzano Card<\/h1>\n\n\n\n<p>On arrival, our guests receive the Bolzano Card free of charge, your personal card for free use of:<\/p>\n\n\n\n<ol>\n<li><strong>Mobility<\/strong>: public transport, regional trains, local buses, cable cars, narrow-gauge railroad, funicular railroad and hiking buses.<\/li>\n\n\n\n<li><strong>Museums<\/strong>: admission to over 90 museums.<\/li>\n\n\n\n<li><strong>Various services<\/strong>: Apple tour, bike and mountain bike tours, city tour, swimming pools, cable car, guided hike and hiking bus.<\/li>\n<\/ol>\n\n\n\n<div class=\"wp-block-buttons is-layout-flex wp-block-buttons-is-layout-flex\">\n<div class=\"wp-block-button\"><a class=\"wp-block-button__link wp-element-button\" href=\"https:\/\/www.suedtirolmobil.info\/de\/\">Timetable overview<\/a><\/div>\n<\/div>\n<\/div>\n<\/div>\n<\/div>\n\n<div class=\"wp-block-group alignfull has-background-secondary-background-color has-background is-layout-constrained wp-container-core-group-is-layout-12 wp-block-group-is-layout-constrained\" style=\"margin-top:0;margin-bottom:0;padding-top:var(--wp--preset--spacing--30);padding-bottom:var(--wp--preset--spacing--30)\">\n<div class=\"wp-block-group is-layout-flow wp-block-group-is-layout-flow\">\n<h1 class=\"wp-block-heading\">Leisure activities<\/h1>\n\n\n\n<p>Welcome to the picturesque south of South Tyrol, where our farm is a very good starting point for your leisure plans. Within a 5-minute walk you can reach the train station in Laives, from where you can get to Bolzano within 10 minutes. From there, use the numerous bus, train and cable car connections to explore our country.<\/p>\n<\/div>\n\n\n\n<div class=\"wp-block-columns is-layout-flex wp-container-core-columns-is-layout-2 wp-block-columns-is-layout-flex\">\n<div class=\"wp-block-column is-layout-flow wp-block-column-is-layout-flow\">\n<div class=\"wp-block-group has-background-background-color has-background is-layout-constrained wp-block-group-is-layout-constrained\" style=\"margin-top:var(--wp--preset--spacing--60);margin-bottom:var(--wp--preset--spacing--60);padding-top:0;padding-right:0;padding-bottom:0;padding-left:0\">\n<figure class=\"wp-block-image size-full\"><img loading=\"lazy\" decoding=\"async\" width=\"900\" height=\"675\" src=\"https:\/\/hirschenhof.larentis.dev\/wp-content\/uploads\/2024\/01\/montiggel.jpg\" alt=\"\" class=\"wp-image-625\" style=\"aspect-ratio:16\/9;object-fit:cover\" srcset=\"https:\/\/hirschenhof.larentis.dev\/wp-content\/uploads\/2024\/01\/montiggel.jpg 900w, https:\/\/hirschenhof.larentis.dev\/wp-content\/uploads\/2024\/01\/montiggel-300x225.jpg 300w, https:\/\/hirschenhof.larentis.dev\/wp-content\/uploads\/2024\/01\/montiggel-768x576.jpg 768w\" sizes=\"(max-width: 900px) 100vw, 900px\" \/><\/figure>\n\n\n\n<div class=\"wp-block-group is-layout-constrained wp-block-group-is-layout-constrained\" style=\"padding-top:var(--wp--preset--spacing--50);padding-right:var(--wp--preset--spacing--60);padding-bottom:var(--wp--preset--spacing--50);padding-left:var(--wp--preset--spacing--60)\">\n<h2 class=\"wp-block-heading\">Bathing<\/h2>\n\n\n\n<p>Off to one of the three lakes. Both Lake Caldato, the largest and warmest of the South Tyrolean bathing lakes, and the two romantic Monticolo lakes are just a 20-minute drive away.<\/p>\n<\/div>\n\n\n\n<div class=\"wp-block-group is-layout-constrained wp-block-group-is-layout-constrained\" style=\"padding-top:var(--wp--preset--spacing--40);padding-right:var(--wp--preset--spacing--60);padding-bottom:var(--wp--preset--spacing--40);padding-left:var(--wp--preset--spacing--60)\">\n<div class=\"wp-block-buttons is-layout-flex wp-block-buttons-is-layout-flex\" style=\"margin-top:0;margin-bottom:0\">\n<div class=\"wp-block-button\"><a class=\"wp-block-button__link wp-element-button\" href=\"https:\/\/www.suedtirol.info\/de\/de\/erlebnisse-und-events\/plp-erlebnisse\/o\/badeseen\">Bathing lakes<\/a><\/div>\n<\/div>\n<\/div>\n<\/div>\n\n\n\n<div class=\"wp-block-group has-background-background-color has-background is-layout-constrained wp-block-group-is-layout-constrained\" style=\"margin-top:var(--wp--preset--spacing--30);margin-bottom:var(--wp--preset--spacing--30);padding-top:0;padding-right:0;padding-bottom:0;padding-left:0\">\n<figure class=\"wp-block-image size-full is-resized\"><img loading=\"lazy\" decoding=\"async\" width=\"600\" height=\"441\" src=\"https:\/\/hirschenhof.larentis.dev\/wp-content\/uploads\/2024\/01\/146712_prima-bolzano.jpg\" alt=\"\" class=\"wp-image-430\" style=\"aspect-ratio:1.7777777777777777;object-fit:cover;width:434px;height:auto\" srcset=\"https:\/\/hirschenhof.larentis.dev\/wp-content\/uploads\/2024\/01\/146712_prima-bolzano.jpg 600w, https:\/\/hirschenhof.larentis.dev\/wp-content\/uploads\/2024\/01\/146712_prima-bolzano-300x221.jpg 300w\" sizes=\"(max-width: 600px) 100vw, 600px\" \/><\/figure>\n\n\n\n<div class=\"wp-block-group is-layout-constrained wp-block-group-is-layout-constrained\" style=\"padding-top:var(--wp--preset--spacing--50);padding-right:var(--wp--preset--spacing--60);padding-bottom:var(--wp--preset--spacing--50);padding-left:var(--wp--preset--spacing--60)\">\n<h2 class=\"wp-block-heading\">Shopping<\/h2>\n\n\n\n<p>Whether for a stroll through the alleyways of the old town, a visit to the \u00d6tzi Museum or a tour of the Runkelstein Castle, the provincial capital of Bolzano can be easily reached by train (200m to the station) in less than ten minutes.<\/p>\n<\/div>\n<\/div>\n<\/div>\n\n\n\n<div class=\"wp-block-column is-layout-flow wp-block-column-is-layout-flow\">\n<div class=\"wp-block-group is-layout-constrained wp-block-group-is-layout-constrained\" style=\"margin-top:var(--wp--preset--spacing--60);margin-bottom:var(--wp--preset--spacing--60);padding-top:0;padding-right:0;padding-bottom:0;padding-left:0\">\n<figure class=\"wp-block-image size-large\"><img loading=\"lazy\" decoding=\"async\" width=\"1024\" height=\"683\" src=\"https:\/\/hirschenhof.larentis.dev\/wp-content\/uploads\/2024\/01\/schloss-tirol-1024x683.jpg\" alt=\"\" class=\"wp-image-624\" style=\"aspect-ratio:16\/9;object-fit:cover\" srcset=\"https:\/\/hirschenhof.larentis.dev\/wp-content\/uploads\/2024\/01\/schloss-tirol-1024x683.jpg 1024w, https:\/\/hirschenhof.larentis.dev\/wp-content\/uploads\/2024\/01\/schloss-tirol-300x200.jpg 300w, https:\/\/hirschenhof.larentis.dev\/wp-content\/uploads\/2024\/01\/schloss-tirol-768x512.jpg 768w, https:\/\/hirschenhof.larentis.dev\/wp-content\/uploads\/2024\/01\/schloss-tirol-1536x1024.jpg 1536w, https:\/\/hirschenhof.larentis.dev\/wp-content\/uploads\/2024\/01\/schloss-tirol.jpg 2048w\" sizes=\"(max-width: 1024px) 100vw, 1024px\" \/><\/figure>\n\n\n\n<div class=\"wp-block-group has-background-background-color has-background is-layout-constrained wp-block-group-is-layout-constrained\" style=\"margin-top:0;margin-bottom:0;padding-top:var(--wp--preset--spacing--50);padding-right:var(--wp--preset--spacing--60);padding-bottom:var(--wp--preset--spacing--50);padding-left:var(--wp--preset--spacing--60)\">\n<h2 class=\"wp-block-heading\">Hiking<\/h2>\n\n\n\n<p>There are countless excursion destinations on offer: From the Leiferer H\u00f6henweg to the famous Bletterbach gorge above Aldein, from the Rastenbachklamm in Altenburg near Kaltern to the Ro\u00dfz\u00e4hnen above Laimburg; every destination is worthwhile, if only because of the diversity of the landscape. Get documents and tips from our info corner!<\/p>\n\n\n\n<div style=\"height:25px\" aria-hidden=\"true\" class=\"wp-block-spacer\"><\/div>\n\n\n\n<div class=\"wp-block-buttons is-layout-flex wp-block-buttons-is-layout-flex\">\n<div class=\"wp-block-button\"><a class=\"wp-block-button__link wp-element-button\" href=\"https:\/\/www.sentres.com\/de\/wanderwege\/suedtirol\/wandern-in-suedtirol\/14593372\/\">Hiking tours<\/a><\/div>\n<\/div>\n<\/div>\n\n\n\n<div class=\"wp-block-group has-background-background-color has-background is-layout-constrained wp-block-group-is-layout-constrained\" style=\"margin-top:var(--wp--preset--spacing--60);margin-bottom:var(--wp--preset--spacing--60);padding-top:0;padding-right:0;padding-bottom:0;padding-left:0\">\n<figure class=\"wp-block-image size-large\"><img loading=\"lazy\" decoding=\"async\" width=\"1024\" height=\"683\" src=\"https:\/\/hirschenhof.larentis.dev\/wp-content\/uploads\/2024\/01\/radfahren-1024x683.jpg\" alt=\"\" class=\"wp-image-622\" style=\"aspect-ratio:16\/9;object-fit:cover\" srcset=\"https:\/\/hirschenhof.larentis.dev\/wp-content\/uploads\/2024\/01\/radfahren-1024x683.jpg 1024w, https:\/\/hirschenhof.larentis.dev\/wp-content\/uploads\/2024\/01\/radfahren-300x200.jpg 300w, https:\/\/hirschenhof.larentis.dev\/wp-content\/uploads\/2024\/01\/radfahren-768x512.jpg 768w, https:\/\/hirschenhof.larentis.dev\/wp-content\/uploads\/2024\/01\/radfahren-1536x1024.jpg 1536w, https:\/\/hirschenhof.larentis.dev\/wp-content\/uploads\/2024\/01\/radfahren.jpg 1920w\" sizes=\"(max-width: 1024px) 100vw, 1024px\" \/><\/figure>\n\n\n\n<div class=\"wp-block-group is-layout-constrained wp-block-group-is-layout-constrained\" style=\"margin-top:0;margin-bottom:0;padding-top:var(--wp--preset--spacing--50);padding-right:var(--wp--preset--spacing--60);padding-bottom:var(--wp--preset--spacing--50);padding-left:var(--wp--preset--spacing--60)\">\n<h2 class=\"wp-block-heading\">Cycling<\/h2>\n\n\n\n<p>From our farm you can reach the Adige cycle path on a dirt road, which connects Bolzano with Trento and can be cycled along the banks of the Adige for approx. 60 km. You can also cycle to the lake of Caldato or to Bolzano, Bressanone and the spa town of Merano on the well-developed cycle path network. Take advantage of our free bike rental service!<\/p>\n\n\n\n<div style=\"height:25px\" aria-hidden=\"true\" class=\"wp-block-spacer\"><\/div>\n\n\n\n<div class=\"wp-block-buttons is-layout-flex wp-block-buttons-is-layout-flex\">\n<div class=\"wp-block-button\"><a class=\"wp-block-button__link wp-element-button\" href=\"https:\/\/www.sentres.com\/de\/radtouren\/suedtirol\/radtouren-in-suedtirol\/14593393\/\">Cycling tours<\/a><\/div>\n<\/div>\n<\/div>\n<\/div>\n<\/div>\n<\/div>\n<\/div>\n<\/div>\n\n<div class=\"wp-block-group has-background-background-color has-background is-layout-constrained wp-container-core-group-is-layout-13 wp-block-group-is-layout-constrained\">\n<h1 class=\"wp-block-heading\">Activities on the farm<\/h1>\n\n\n\n<div style=\"height:41px\" aria-hidden=\"true\" class=\"wp-block-spacer\"><\/div>\n\n\n\n<div class=\"wp-block-columns is-layout-flex wp-container-core-columns-is-layout-3 wp-block-columns-is-layout-flex\">\n<div class=\"wp-block-column is-layout-flow wp-block-column-is-layout-flow\">\n<div class=\"wp-block-cb-carousel cb-single-slide\" data-slick=\"{&quot;slidesToShow&quot;:1,&quot;slidesToScroll&quot;:1,&quot;speed&quot;:300,&quot;arrows&quot;:true,&quot;dots&quot;:true,&quot;autoplay&quot;:true,&quot;autoplaySpeed&quot;:3000,&quot;infinite&quot;:true,&quot;responsive&quot;:[{&quot;breakpoint&quot;:769,&quot;settings&quot;:{&quot;slidesToShow&quot;:1,&quot;slidesToScroll&quot;:1}}]}\">\n<div class=\"wp-block-cb-slide\">\n<figure class=\"wp-block-image size-large\"><img loading=\"lazy\" decoding=\"async\" width=\"768\" height=\"1024\" src=\"https:\/\/hirschenhof.larentis.dev\/wp-content\/uploads\/2024\/01\/IMG-20230720-WA0012-2-768x1024.jpg\" alt=\"\" class=\"wp-image-839\" style=\"aspect-ratio:4\/3;object-fit:cover\" srcset=\"https:\/\/hirschenhof.larentis.dev\/wp-content\/uploads\/2024\/01\/IMG-20230720-WA0012-2-768x1024.jpg 768w, https:\/\/hirschenhof.larentis.dev\/wp-content\/uploads\/2024\/01\/IMG-20230720-WA0012-2-225x300.jpg 225w, https:\/\/hirschenhof.larentis.dev\/wp-content\/uploads\/2024\/01\/IMG-20230720-WA0012-2-1152x1536.jpg 1152w, https:\/\/hirschenhof.larentis.dev\/wp-content\/uploads\/2024\/01\/IMG-20230720-WA0012-2.jpg 1536w\" sizes=\"(max-width: 768px) 100vw, 768px\" \/><\/figure>\n<\/div>\n\n\n\n<div class=\"wp-block-cb-slide\">\n<figure class=\"wp-block-image size-full\"><img loading=\"lazy\" decoding=\"async\" width=\"1024\" height=\"768\" src=\"https:\/\/hirschenhof.larentis.dev\/wp-content\/uploads\/2024\/01\/IMG-20230721-WA0005-2.jpg\" alt=\"\" class=\"wp-image-761\" style=\"aspect-ratio:4\/3;object-fit:cover\" srcset=\"https:\/\/hirschenhof.larentis.dev\/wp-content\/uploads\/2024\/01\/IMG-20230721-WA0005-2.jpg 1024w, https:\/\/hirschenhof.larentis.dev\/wp-content\/uploads\/2024\/01\/IMG-20230721-WA0005-2-300x225.jpg 300w, https:\/\/hirschenhof.larentis.dev\/wp-content\/uploads\/2024\/01\/IMG-20230721-WA0005-2-768x576.jpg 768w\" sizes=\"(max-width: 1024px) 100vw, 1024px\" \/><\/figure>\n<\/div>\n\n\n\n<div class=\"wp-block-cb-slide\">\n<figure class=\"wp-block-image size-large\"><img loading=\"lazy\" decoding=\"async\" width=\"1024\" height=\"768\" src=\"https:\/\/hirschenhof.larentis.dev\/wp-content\/uploads\/2024\/01\/IMG-20230720-WA0005-1-1024x768.jpg\" alt=\"\" class=\"wp-image-838\" style=\"aspect-ratio:4\/3;object-fit:cover\" srcset=\"https:\/\/hirschenhof.larentis.dev\/wp-content\/uploads\/2024\/01\/IMG-20230720-WA0005-1-1024x768.jpg 1024w, https:\/\/hirschenhof.larentis.dev\/wp-content\/uploads\/2024\/01\/IMG-20230720-WA0005-1-300x225.jpg 300w, https:\/\/hirschenhof.larentis.dev\/wp-content\/uploads\/2024\/01\/IMG-20230720-WA0005-1-768x576.jpg 768w, https:\/\/hirschenhof.larentis.dev\/wp-content\/uploads\/2024\/01\/IMG-20230720-WA0005-1-1536x1152.jpg 1536w, https:\/\/hirschenhof.larentis.dev\/wp-content\/uploads\/2024\/01\/IMG-20230720-WA0005-1.jpg 2048w\" sizes=\"(max-width: 1024px) 100vw, 1024px\" \/><\/figure>\n<\/div>\n\n\n\n<div class=\"wp-block-cb-slide\">\n<figure class=\"wp-block-image size-full\"><img loading=\"lazy\" decoding=\"async\" width=\"1024\" height=\"837\" src=\"https:\/\/hirschenhof.larentis.dev\/wp-content\/uploads\/2024\/01\/3-1.jpg\" alt=\"\" class=\"wp-image-840\" style=\"aspect-ratio:4\/3;object-fit:cover\" srcset=\"https:\/\/hirschenhof.larentis.dev\/wp-content\/uploads\/2024\/01\/3-1.jpg 1024w, https:\/\/hirschenhof.larentis.dev\/wp-content\/uploads\/2024\/01\/3-1-300x245.jpg 300w, https:\/\/hirschenhof.larentis.dev\/wp-content\/uploads\/2024\/01\/3-1-768x628.jpg 768w\" sizes=\"(max-width: 1024px) 100vw, 1024px\" \/><\/figure>\n<\/div>\n\n\n\n<div class=\"wp-block-cb-slide\">\n<figure class=\"wp-block-image size-full\"><img loading=\"lazy\" decoding=\"async\" width=\"1024\" height=\"735\" src=\"https:\/\/hirschenhof.larentis.dev\/wp-content\/uploads\/2024\/01\/2.jpg\" alt=\"\" class=\"wp-image-841\" style=\"aspect-ratio:4\/3;object-fit:cover\" srcset=\"https:\/\/hirschenhof.larentis.dev\/wp-content\/uploads\/2024\/01\/2.jpg 1024w, https:\/\/hirschenhof.larentis.dev\/wp-content\/uploads\/2024\/01\/2-300x215.jpg 300w, https:\/\/hirschenhof.larentis.dev\/wp-content\/uploads\/2024\/01\/2-768x551.jpg 768w\" sizes=\"(max-width: 1024px) 100vw, 1024px\" \/><\/figure>\n<\/div>\n<\/div>\n<\/div>\n\n\n\n<div class=\"wp-block-column is-vertically-aligned-center is-layout-flow wp-block-column-is-layout-flow\">\n<h2 class=\"wp-block-heading\">Barbecue evenings<\/h2>\n\n\n\n<p>Sit together with a glass of wine, eat and dance to the beat of local music. Let us spoil you&#8230; Our barbecue evenings are particularly popular and you are cordially invited to join us!<\/p>\n<\/div>\n<\/div>\n\n\n\n<p><\/p>\n\n\n\n<div style=\"height:77px\" aria-hidden=\"true\" class=\"wp-block-spacer\"><\/div>\n\n\n\n<div class=\"wp-block-media-text has-media-on-the-right is-stacked-on-mobile\"><div class=\"wp-block-media-text__content\">\n<h2 class=\"wp-block-heading\">Guided tours of the farm<\/h2>\n\n\n\n<p>If you are interested, we will be happy to tell you everything you need to know about our farm, our field work and apple growing in South Tyrol in general.<\/p>\n<\/div><figure class=\"wp-block-media-text__media\"><img loading=\"lazy\" decoding=\"async\" width=\"1024\" height=\"683\" src=\"https:\/\/hirschenhof.larentis.dev\/wp-content\/uploads\/2024\/01\/P1030665-1024x683.jpg\" alt=\"\" class=\"wp-image-796 size-full\" srcset=\"https:\/\/hirschenhof.larentis.dev\/wp-content\/uploads\/2024\/01\/P1030665-1024x683.jpg 1024w, https:\/\/hirschenhof.larentis.dev\/wp-content\/uploads\/2024\/01\/P1030665-300x200.jpg 300w, https:\/\/hirschenhof.larentis.dev\/wp-content\/uploads\/2024\/01\/P1030665-768x512.jpg 768w, https:\/\/hirschenhof.larentis.dev\/wp-content\/uploads\/2024\/01\/P1030665-1536x1024.jpg 1536w, https:\/\/hirschenhof.larentis.dev\/wp-content\/uploads\/2024\/01\/P1030665-2048x1365.jpg 2048w\" sizes=\"(max-width: 1024px) 100vw, 1024px\" \/><\/figure><\/div>\n\n\n\n<p><br\/><\/p>\n<\/div>\n","protected":false},"excerpt":{"rendered":"<p>Bolzano Card On arrival, our guests receive the Bolzano Card free of charge, your personal [&hellip;]<\/p>\n","protected":false},"author":1,"featured_media":0,"parent":0,"menu_order":0,"comment_status":"closed","ping_status":"closed","template":"","meta":{"_eb_attr":"","om_disable_all_campaigns":false,"_monsterinsights_skip_tracking":false,"_monsterinsights_sitenote_active":false,"_monsterinsights_sitenote_note":"","_monsterinsights_sitenote_category":0,"footnotes":""},"aioseo_notices":[],"_links":{"self":[{"href":"https:\/\/hirschenhof.larentis.dev\/en\/wp-json\/wp\/v2\/pages\/1385"}],"collection":[{"href":"https:\/\/hirschenhof.larentis.dev\/en\/wp-json\/wp\/v2\/pages"}],"about":[{"href":"https:\/\/hirschenhof.larentis.dev\/en\/wp-json\/wp\/v2\/types\/page"}],"author":[{"embeddable":true,"href":"https:\/\/hirschenhof.larentis.dev\/en\/wp-json\/wp\/v2\/users\/1"}],"replies":[{"embeddable":true,"href":"https:\/\/hirschenhof.larentis.dev\/en\/wp-json\/wp\/v2\/comments?post=1385"}],"version-history":[{"count":13,"href":"https:\/\/hirschenhof.larentis.dev\/en\/wp-json\/wp\/v2\/pages\/1385\/revisions"}],"predecessor-version":[{"id":2160,"href":"https:\/\/hirschenhof.larentis.dev\/en\/wp-json\/wp\/v2\/pages\/1385\/revisions\/2160"}],"wp:attachment":[{"href":"https:\/\/hirschenhof.larentis.dev\/en\/wp-json\/wp\/v2\/media?parent=1385"}],"curies":[{"name":"wp","href":"https:\/\/api.w.org\/{rel}","templated":true}]}}