{"id":1378,"date":"2024-01-06T14:15:06","date_gmt":"2024-01-06T13:15:06","guid":{"rendered":"https:\/\/hirschenhof.larentis.dev\/attivita\/"},"modified":"2024-01-28T16:39:49","modified_gmt":"2024-01-28T15:39:49","slug":"attivita","status":"publish","type":"page","link":"https:\/\/hirschenhof.larentis.dev\/it\/attivita\/","title":{"rendered":"Attivit\u00e0"},"content":{"rendered":"\n<div class=\"wp-block-group alignfull has-background-secondary-background-color has-background is-layout-constrained wp-container-core-group-is-layout-1 wp-block-group-is-layout-constrained\" style=\"margin-top:0;margin-bottom:0\">\n<div class=\"wp-block-columns has-background-background-color has-background is-layout-flex wp-container-core-columns-is-layout-1 wp-block-columns-is-layout-flex\" style=\"padding-top:var(--wp--preset--spacing--40);padding-right:var(--wp--preset--spacing--40);padding-bottom:var(--wp--preset--spacing--40);padding-left:var(--wp--preset--spacing--40)\">\n<div class=\"wp-block-column is-layout-flow wp-block-column-is-layout-flow\" style=\"flex-basis:300px\">\n<figure class=\"wp-block-image alignleft size-full\"><img loading=\"lazy\" decoding=\"async\" width=\"526\" height=\"275\" src=\"https:\/\/hirschenhof.larentis.dev\/wp-content\/uploads\/2024\/01\/bozen-card.jpg\" alt=\"\" class=\"wp-image-415\" style=\"aspect-ratio:2\/3;object-fit:cover\" srcset=\"https:\/\/hirschenhof.larentis.dev\/wp-content\/uploads\/2024\/01\/bozen-card.jpg 526w, https:\/\/hirschenhof.larentis.dev\/wp-content\/uploads\/2024\/01\/bozen-card-300x157.jpg 300w\" sizes=\"(max-width: 526px) 100vw, 526px\" \/><\/figure>\n<\/div>\n\n\n\n<div class=\"wp-block-column is-vertically-aligned-center is-layout-flow wp-block-column-is-layout-flow\" style=\"flex-basis:66.66%\">\n<h1 class=\"wp-block-heading\">Bolzano-Card<\/h1>\n\n\n\n<p>All&#8217;arrivo i nostri ospiti ricevono gratuitamente la Bolzano-Card, la vostra tessera personale per l&#8217;utilizzo gratuito di:<\/p>\n\n\n\n<ol>\n<li><strong>Mobilit\u00e0<\/strong>: trasporti pubblici, treni regionali, autobus locali, funivie, trenino del Renon, funicolare e autobus per escursioni.<\/li>\n\n\n\n<li><strong>Musei<\/strong>: ingresso in oltre 90 musei.<\/li>\n\n\n\n<li><strong>Servizi vari<\/strong>: guida alla coltivazione di mele, escursioni in bicicletta e mountain bike, visite guidate della citt\u00e0, piscine, funivia, escursioni guidate e bus per escursioni.<\/li>\n<\/ol>\n\n\n\n<div class=\"wp-block-buttons is-layout-flex wp-block-buttons-is-layout-flex\">\n<div class=\"wp-block-button\"><a class=\"wp-block-button__link wp-element-button\" href=\"https:\/\/www.suedtirolmobil.info\/de\/\">Panoramica degli orari<\/a><\/div>\n<\/div>\n<\/div>\n<\/div>\n<\/div>\n\n<div class=\"wp-block-group alignfull has-background-secondary-background-color has-background is-layout-constrained wp-container-core-group-is-layout-12 wp-block-group-is-layout-constrained\" style=\"margin-top:0;margin-bottom:0;padding-top:var(--wp--preset--spacing--30);padding-bottom:var(--wp--preset--spacing--30)\">\n<div class=\"wp-block-group is-layout-flow wp-block-group-is-layout-flow\">\n<h1 class=\"wp-block-heading\">Attivit\u00e0 per il tempo libero<\/h1>\n\n\n\n<p>Benvenuti nel pittoresco sud dell&#8217;Alto Adige, dove il nostro agriturismo \u00e8 un ottimo punto di partenza per i vostri progetti. In 5 minuti a piedi si raggiunge la stazione ferroviaria di Laives, da cui \u00e8 possibile raggiungere in meno di 10 minuti Bolzano, il capoluogo di provincia. Da l\u00ec, utilizzate i numerosi collegamenti in autobus, treno e funivia per esplorare il nostro paese.<\/p>\n<\/div>\n\n\n\n<div class=\"wp-block-columns is-layout-flex wp-container-core-columns-is-layout-2 wp-block-columns-is-layout-flex\">\n<div class=\"wp-block-column is-layout-flow wp-block-column-is-layout-flow\">\n<div class=\"wp-block-group has-background-background-color has-background is-layout-constrained wp-block-group-is-layout-constrained\" style=\"margin-top:var(--wp--preset--spacing--60);margin-bottom:var(--wp--preset--spacing--60);padding-top:0;padding-right:0;padding-bottom:0;padding-left:0\">\n<figure class=\"wp-block-image size-full\"><img loading=\"lazy\" decoding=\"async\" width=\"900\" height=\"675\" src=\"https:\/\/hirschenhof.larentis.dev\/wp-content\/uploads\/2024\/01\/montiggel.jpg\" alt=\"\" class=\"wp-image-625\" style=\"aspect-ratio:16\/9;object-fit:cover\" srcset=\"https:\/\/hirschenhof.larentis.dev\/wp-content\/uploads\/2024\/01\/montiggel.jpg 900w, https:\/\/hirschenhof.larentis.dev\/wp-content\/uploads\/2024\/01\/montiggel-300x225.jpg 300w, https:\/\/hirschenhof.larentis.dev\/wp-content\/uploads\/2024\/01\/montiggel-768x576.jpg 768w\" sizes=\"(max-width: 900px) 100vw, 900px\" \/><\/figure>\n\n\n\n<div class=\"wp-block-group is-layout-constrained wp-block-group-is-layout-constrained\" style=\"padding-top:var(--wp--preset--spacing--50);padding-right:var(--wp--preset--spacing--60);padding-bottom:var(--wp--preset--spacing--50);padding-left:var(--wp--preset--spacing--60)\">\n<h2 class=\"wp-block-heading\">Nuotare<\/h2>\n\n\n\n<p>In uno dei tre laghi. Sia il Lago di Caldaro, il pi\u00f9 grande e caldo dei laghi balneabili dell&#8217;Alto Adige, che i due romantici laghi di Montcolo sono raggiungibili in 20 minuti di macchina.<\/p>\n<\/div>\n\n\n\n<div class=\"wp-block-group is-layout-constrained wp-block-group-is-layout-constrained\" style=\"padding-top:var(--wp--preset--spacing--40);padding-right:var(--wp--preset--spacing--60);padding-bottom:var(--wp--preset--spacing--40);padding-left:var(--wp--preset--spacing--60)\">\n<div class=\"wp-block-buttons is-layout-flex wp-block-buttons-is-layout-flex\" style=\"margin-top:0;margin-bottom:0\">\n<div class=\"wp-block-button\"><a class=\"wp-block-button__link wp-element-button\" href=\"https:\/\/www.suedtirol.info\/de\/de\/erlebnisse-und-events\/plp-erlebnisse\/o\/badeseen\">Laghi balneabili<\/a><\/div>\n<\/div>\n<\/div>\n<\/div>\n\n\n\n<div class=\"wp-block-group has-background-background-color has-background is-layout-constrained wp-block-group-is-layout-constrained\" style=\"margin-top:var(--wp--preset--spacing--30);margin-bottom:var(--wp--preset--spacing--30);padding-top:0;padding-right:0;padding-bottom:0;padding-left:0\">\n<figure class=\"wp-block-image size-full is-resized\"><img loading=\"lazy\" decoding=\"async\" width=\"600\" height=\"441\" src=\"https:\/\/hirschenhof.larentis.dev\/wp-content\/uploads\/2024\/01\/146712_prima-bolzano.jpg\" alt=\"\" class=\"wp-image-430\" style=\"aspect-ratio:1.7777777777777777;object-fit:cover;width:434px;height:auto\" srcset=\"https:\/\/hirschenhof.larentis.dev\/wp-content\/uploads\/2024\/01\/146712_prima-bolzano.jpg 600w, https:\/\/hirschenhof.larentis.dev\/wp-content\/uploads\/2024\/01\/146712_prima-bolzano-300x221.jpg 300w\" sizes=\"(max-width: 600px) 100vw, 600px\" \/><\/figure>\n\n\n\n<div class=\"wp-block-group is-layout-constrained wp-block-group-is-layout-constrained\" style=\"padding-top:var(--wp--preset--spacing--50);padding-right:var(--wp--preset--spacing--60);padding-bottom:var(--wp--preset--spacing--50);padding-left:var(--wp--preset--spacing--60)\">\n<h2 class=\"wp-block-heading\">Fare shopping<\/h2>\n\n\n\n<p>Che si tratti di una passeggiata tra i vicoli del centro storico, di una visita al Museo \u00d6tzi o di un giro a Castel Roncolo, la citt\u00e0 di Bolzano \u00e8 facilmente raggiungibile in treno (200 metri dalla stazione) in meno di dieci minuti.<\/p>\n<\/div>\n<\/div>\n<\/div>\n\n\n\n<div class=\"wp-block-column is-layout-flow wp-block-column-is-layout-flow\">\n<div class=\"wp-block-group is-layout-constrained wp-block-group-is-layout-constrained\" style=\"margin-top:var(--wp--preset--spacing--60);margin-bottom:var(--wp--preset--spacing--60);padding-top:0;padding-right:0;padding-bottom:0;padding-left:0\">\n<figure class=\"wp-block-image size-large\"><img loading=\"lazy\" decoding=\"async\" width=\"1024\" height=\"683\" src=\"https:\/\/hirschenhof.larentis.dev\/wp-content\/uploads\/2024\/01\/schloss-tirol-1024x683.jpg\" alt=\"\" class=\"wp-image-624\" style=\"aspect-ratio:16\/9;object-fit:cover\" srcset=\"https:\/\/hirschenhof.larentis.dev\/wp-content\/uploads\/2024\/01\/schloss-tirol-1024x683.jpg 1024w, https:\/\/hirschenhof.larentis.dev\/wp-content\/uploads\/2024\/01\/schloss-tirol-300x200.jpg 300w, https:\/\/hirschenhof.larentis.dev\/wp-content\/uploads\/2024\/01\/schloss-tirol-768x512.jpg 768w, https:\/\/hirschenhof.larentis.dev\/wp-content\/uploads\/2024\/01\/schloss-tirol-1536x1024.jpg 1536w, https:\/\/hirschenhof.larentis.dev\/wp-content\/uploads\/2024\/01\/schloss-tirol.jpg 2048w\" sizes=\"(max-width: 1024px) 100vw, 1024px\" \/><\/figure>\n\n\n\n<div class=\"wp-block-group has-background-background-color has-background is-layout-constrained wp-block-group-is-layout-constrained\" style=\"margin-top:0;margin-bottom:0;padding-top:var(--wp--preset--spacing--50);padding-right:var(--wp--preset--spacing--60);padding-bottom:var(--wp--preset--spacing--50);padding-left:var(--wp--preset--spacing--60)\">\n<h2 class=\"wp-block-heading\">Camminare<\/h2>\n\n\n\n<p>dall&#8217;alta via di Laives al famoso canyon del Bletterbach sopra Aldino, dalla Rastenbachklamm a Castelvecchio presso Caldaro fino ai cosiddetti Denti di Cavallo sopra Castel Varco. Ogni meta \u00e8 degna di essere raggiunta, se non altro per la variet\u00e0 del paesaggio. Il nostro angolo informazioni offre depliant e consigli!<\/p>\n\n\n\n<div style=\"height:25px\" aria-hidden=\"true\" class=\"wp-block-spacer\"><\/div>\n\n\n\n<div class=\"wp-block-buttons is-layout-flex wp-block-buttons-is-layout-flex\">\n<div class=\"wp-block-button\"><a class=\"wp-block-button__link wp-element-button\" href=\"https:\/\/www.sentres.com\/de\/wanderwege\/suedtirol\/wandern-in-suedtirol\/14593372\/\">Escursioni<\/a><\/div>\n<\/div>\n<\/div>\n\n\n\n<div class=\"wp-block-group has-background-background-color has-background is-layout-constrained wp-block-group-is-layout-constrained\" style=\"margin-top:var(--wp--preset--spacing--60);margin-bottom:var(--wp--preset--spacing--60);padding-top:0;padding-right:0;padding-bottom:0;padding-left:0\">\n<figure class=\"wp-block-image size-large\"><img loading=\"lazy\" decoding=\"async\" width=\"1024\" height=\"683\" src=\"https:\/\/hirschenhof.larentis.dev\/wp-content\/uploads\/2024\/01\/radfahren-1024x683.jpg\" alt=\"\" class=\"wp-image-622\" style=\"aspect-ratio:16\/9;object-fit:cover\" srcset=\"https:\/\/hirschenhof.larentis.dev\/wp-content\/uploads\/2024\/01\/radfahren-1024x683.jpg 1024w, https:\/\/hirschenhof.larentis.dev\/wp-content\/uploads\/2024\/01\/radfahren-300x200.jpg 300w, https:\/\/hirschenhof.larentis.dev\/wp-content\/uploads\/2024\/01\/radfahren-768x512.jpg 768w, https:\/\/hirschenhof.larentis.dev\/wp-content\/uploads\/2024\/01\/radfahren-1536x1024.jpg 1536w, https:\/\/hirschenhof.larentis.dev\/wp-content\/uploads\/2024\/01\/radfahren.jpg 1920w\" sizes=\"(max-width: 1024px) 100vw, 1024px\" \/><\/figure>\n\n\n\n<div class=\"wp-block-group is-layout-constrained wp-block-group-is-layout-constrained\" style=\"margin-top:0;margin-bottom:0;padding-top:var(--wp--preset--spacing--50);padding-right:var(--wp--preset--spacing--60);padding-bottom:var(--wp--preset--spacing--50);padding-left:var(--wp--preset--spacing--60)\">\n<h2 class=\"wp-block-heading\">Andare in bici<\/h2>\n\n\n\n<p>Dal nostro maso \u00e8 possibile raggiungere su una strada di campagna la pista ciclabile dell&#8217;Adige che collega Bolzano a Trento e che si snoda lungo le rive dell&#8217;Adige per circa 60 chilometri. Grazie ad una vasta rete di piste ciclabili \u00e8 possibile raggiungere il Lago di Caldaro, i centri di Bolzano e Bressanone oppure Merano, la rinnomata citt\u00e0 di cura. Approfittate del nostro servizio di noleggio gratuito di biciclette!<\/p>\n\n\n\n<div style=\"height:25px\" aria-hidden=\"true\" class=\"wp-block-spacer\"><\/div>\n\n\n\n<div class=\"wp-block-buttons is-layout-flex wp-block-buttons-is-layout-flex\">\n<div class=\"wp-block-button\"><a class=\"wp-block-button__link wp-element-button\" href=\"https:\/\/www.sentres.com\/de\/radtouren\/suedtirol\/radtouren-in-suedtirol\/14593393\/\">Escursioni in bici<\/a><\/div>\n<\/div>\n<\/div>\n<\/div>\n<\/div>\n<\/div>\n<\/div>\n<\/div>\n\n<div class=\"wp-block-group has-background-background-color has-background is-layout-constrained wp-container-core-group-is-layout-13 wp-block-group-is-layout-constrained\">\n<h1 class=\"wp-block-heading\">Attivit\u00e0 sul maso<\/h1>\n\n\n\n<div style=\"height:41px\" aria-hidden=\"true\" class=\"wp-block-spacer\"><\/div>\n\n\n\n<div class=\"wp-block-columns is-layout-flex wp-container-core-columns-is-layout-3 wp-block-columns-is-layout-flex\">\n<div class=\"wp-block-column is-layout-flow wp-block-column-is-layout-flow\">\n<div class=\"wp-block-cb-carousel cb-single-slide\" data-slick=\"{&quot;slidesToShow&quot;:1,&quot;slidesToScroll&quot;:1,&quot;speed&quot;:300,&quot;arrows&quot;:true,&quot;dots&quot;:true,&quot;autoplay&quot;:true,&quot;autoplaySpeed&quot;:3000,&quot;infinite&quot;:true,&quot;responsive&quot;:[{&quot;breakpoint&quot;:769,&quot;settings&quot;:{&quot;slidesToShow&quot;:1,&quot;slidesToScroll&quot;:1}}]}\">\n<div class=\"wp-block-cb-slide\">\n<figure class=\"wp-block-image size-large\"><img loading=\"lazy\" decoding=\"async\" width=\"768\" height=\"1024\" src=\"https:\/\/hirschenhof.larentis.dev\/wp-content\/uploads\/2024\/01\/IMG-20230720-WA0012-2-768x1024.jpg\" alt=\"\" class=\"wp-image-839\" style=\"aspect-ratio:4\/3;object-fit:cover\" srcset=\"https:\/\/hirschenhof.larentis.dev\/wp-content\/uploads\/2024\/01\/IMG-20230720-WA0012-2-768x1024.jpg 768w, https:\/\/hirschenhof.larentis.dev\/wp-content\/uploads\/2024\/01\/IMG-20230720-WA0012-2-225x300.jpg 225w, https:\/\/hirschenhof.larentis.dev\/wp-content\/uploads\/2024\/01\/IMG-20230720-WA0012-2-1152x1536.jpg 1152w, https:\/\/hirschenhof.larentis.dev\/wp-content\/uploads\/2024\/01\/IMG-20230720-WA0012-2.jpg 1536w\" sizes=\"(max-width: 768px) 100vw, 768px\" \/><\/figure>\n<\/div>\n\n\n\n<div class=\"wp-block-cb-slide\">\n<figure class=\"wp-block-image size-full\"><img loading=\"lazy\" decoding=\"async\" width=\"1024\" height=\"768\" src=\"https:\/\/hirschenhof.larentis.dev\/wp-content\/uploads\/2024\/01\/IMG-20230721-WA0005-2.jpg\" alt=\"\" class=\"wp-image-761\" style=\"aspect-ratio:4\/3;object-fit:cover\" srcset=\"https:\/\/hirschenhof.larentis.dev\/wp-content\/uploads\/2024\/01\/IMG-20230721-WA0005-2.jpg 1024w, https:\/\/hirschenhof.larentis.dev\/wp-content\/uploads\/2024\/01\/IMG-20230721-WA0005-2-300x225.jpg 300w, https:\/\/hirschenhof.larentis.dev\/wp-content\/uploads\/2024\/01\/IMG-20230721-WA0005-2-768x576.jpg 768w\" sizes=\"(max-width: 1024px) 100vw, 1024px\" \/><\/figure>\n<\/div>\n\n\n\n<div class=\"wp-block-cb-slide\">\n<figure class=\"wp-block-image size-large\"><img loading=\"lazy\" decoding=\"async\" width=\"1024\" height=\"768\" src=\"https:\/\/hirschenhof.larentis.dev\/wp-content\/uploads\/2024\/01\/IMG-20230720-WA0005-1-1024x768.jpg\" alt=\"\" class=\"wp-image-838\" style=\"aspect-ratio:4\/3;object-fit:cover\" srcset=\"https:\/\/hirschenhof.larentis.dev\/wp-content\/uploads\/2024\/01\/IMG-20230720-WA0005-1-1024x768.jpg 1024w, https:\/\/hirschenhof.larentis.dev\/wp-content\/uploads\/2024\/01\/IMG-20230720-WA0005-1-300x225.jpg 300w, https:\/\/hirschenhof.larentis.dev\/wp-content\/uploads\/2024\/01\/IMG-20230720-WA0005-1-768x576.jpg 768w, https:\/\/hirschenhof.larentis.dev\/wp-content\/uploads\/2024\/01\/IMG-20230720-WA0005-1-1536x1152.jpg 1536w, https:\/\/hirschenhof.larentis.dev\/wp-content\/uploads\/2024\/01\/IMG-20230720-WA0005-1.jpg 2048w\" sizes=\"(max-width: 1024px) 100vw, 1024px\" \/><\/figure>\n<\/div>\n\n\n\n<div class=\"wp-block-cb-slide\">\n<figure class=\"wp-block-image size-full\"><img loading=\"lazy\" decoding=\"async\" width=\"1024\" height=\"837\" src=\"https:\/\/hirschenhof.larentis.dev\/wp-content\/uploads\/2024\/01\/3-1.jpg\" alt=\"\" class=\"wp-image-840\" style=\"aspect-ratio:4\/3;object-fit:cover\" srcset=\"https:\/\/hirschenhof.larentis.dev\/wp-content\/uploads\/2024\/01\/3-1.jpg 1024w, https:\/\/hirschenhof.larentis.dev\/wp-content\/uploads\/2024\/01\/3-1-300x245.jpg 300w, https:\/\/hirschenhof.larentis.dev\/wp-content\/uploads\/2024\/01\/3-1-768x628.jpg 768w\" sizes=\"(max-width: 1024px) 100vw, 1024px\" \/><\/figure>\n<\/div>\n\n\n\n<div class=\"wp-block-cb-slide\">\n<figure class=\"wp-block-image size-full\"><img loading=\"lazy\" decoding=\"async\" width=\"1024\" height=\"735\" src=\"https:\/\/hirschenhof.larentis.dev\/wp-content\/uploads\/2024\/01\/2.jpg\" alt=\"\" class=\"wp-image-841\" style=\"aspect-ratio:4\/3;object-fit:cover\" srcset=\"https:\/\/hirschenhof.larentis.dev\/wp-content\/uploads\/2024\/01\/2.jpg 1024w, https:\/\/hirschenhof.larentis.dev\/wp-content\/uploads\/2024\/01\/2-300x215.jpg 300w, https:\/\/hirschenhof.larentis.dev\/wp-content\/uploads\/2024\/01\/2-768x551.jpg 768w\" sizes=\"(max-width: 1024px) 100vw, 1024px\" \/><\/figure>\n<\/div>\n<\/div>\n<\/div>\n\n\n\n<div class=\"wp-block-column is-vertically-aligned-center is-layout-flow wp-block-column-is-layout-flow\">\n<h2 class=\"wp-block-heading\">Grigliate<\/h2>\n\n\n\n<p>Il conviviale ritrovo con un buon bicchiere di vino, mangiare e ballare con musica tipica. Lasciatevi viziare&#8230; Le nostre grigliate sono particolarmente apprezzate e siete cordialmente invitati a unirvi a noi!<\/p>\n<\/div>\n<\/div>\n\n\n\n<p><\/p>\n\n\n\n<div style=\"height:77px\" aria-hidden=\"true\" class=\"wp-block-spacer\"><\/div>\n\n\n\n<div class=\"wp-block-media-text has-media-on-the-right is-stacked-on-mobile\"><div class=\"wp-block-media-text__content\">\n<h2 class=\"wp-block-heading\">Visite guidate al maso<\/h2>\n\n\n\n<p>Se siete interessati, saremo lieti di raccontarvi tutto quello che c&#8217;\u00e8 da sapere sulla nostra azienda, sul nostro lavoro in campagna e sulla coltivazione delle mele dell&#8217;Alto Adige in generale.<\/p>\n<\/div><figure class=\"wp-block-media-text__media\"><img loading=\"lazy\" decoding=\"async\" width=\"1024\" height=\"683\" src=\"https:\/\/hirschenhof.larentis.dev\/wp-content\/uploads\/2024\/01\/P1030665-1024x683.jpg\" alt=\"\" class=\"wp-image-796 size-full\" srcset=\"https:\/\/hirschenhof.larentis.dev\/wp-content\/uploads\/2024\/01\/P1030665-1024x683.jpg 1024w, https:\/\/hirschenhof.larentis.dev\/wp-content\/uploads\/2024\/01\/P1030665-300x200.jpg 300w, https:\/\/hirschenhof.larentis.dev\/wp-content\/uploads\/2024\/01\/P1030665-768x512.jpg 768w, https:\/\/hirschenhof.larentis.dev\/wp-content\/uploads\/2024\/01\/P1030665-1536x1024.jpg 1536w, https:\/\/hirschenhof.larentis.dev\/wp-content\/uploads\/2024\/01\/P1030665-2048x1365.jpg 2048w\" sizes=\"(max-width: 1024px) 100vw, 1024px\" \/><\/figure><\/div>\n\n\n\n<p><br\/><\/p>\n<\/div>\n","protected":false},"excerpt":{"rendered":"<p>Bolzano-Card All&#8217;arrivo i nostri ospiti ricevono gratuitamente la Bolzano-Card, la vostra tessera personale per l&#8217;utilizzo [&hellip;]<\/p>\n","protected":false},"author":1,"featured_media":0,"parent":0,"menu_order":0,"comment_status":"closed","ping_status":"closed","template":"","meta":{"_eb_attr":"","om_disable_all_campaigns":false,"_monsterinsights_skip_tracking":false,"_monsterinsights_sitenote_active":false,"_monsterinsights_sitenote_note":"","_monsterinsights_sitenote_category":0,"footnotes":""},"aioseo_notices":[],"_links":{"self":[{"href":"https:\/\/hirschenhof.larentis.dev\/it\/wp-json\/wp\/v2\/pages\/1378"}],"collection":[{"href":"https:\/\/hirschenhof.larentis.dev\/it\/wp-json\/wp\/v2\/pages"}],"about":[{"href":"https:\/\/hirschenhof.larentis.dev\/it\/wp-json\/wp\/v2\/types\/page"}],"author":[{"embeddable":true,"href":"https:\/\/hirschenhof.larentis.dev\/it\/wp-json\/wp\/v2\/users\/1"}],"replies":[{"embeddable":true,"href":"https:\/\/hirschenhof.larentis.dev\/it\/wp-json\/wp\/v2\/comments?post=1378"}],"version-history":[{"count":12,"href":"https:\/\/hirschenhof.larentis.dev\/it\/wp-json\/wp\/v2\/pages\/1378\/revisions"}],"predecessor-version":[{"id":2161,"href":"https:\/\/hirschenhof.larentis.dev\/it\/wp-json\/wp\/v2\/pages\/1378\/revisions\/2161"}],"wp:attachment":[{"href":"https:\/\/hirschenhof.larentis.dev\/it\/wp-json\/wp\/v2\/media?parent=1378"}],"curies":[{"name":"wp","href":"https:\/\/api.w.org\/{rel}","templated":true}]}}